{"id":450,"date":"2023-03-28T18:42:00","date_gmt":"2023-03-28T16:42:00","guid":{"rendered":"https:\/\/elviajedeunacancion.rtpa.es\/?page_id=450"},"modified":"2024-04-08T13:32:36","modified_gmt":"2024-04-08T11:32:36","slug":"videoclip","status":"publish","type":"page","link":"https:\/\/elviajedeunacancion.rtpa.es\/as\/%e0%a6%ad%e0%a6%bf%e0%a6%a1%e0%a6%bf%e0%a6%85-%e0%a6%95%e0%a7%8d%e0%a6%b2%e0%a6%bf%e0%a6%aa\/","title":{"rendered":"El videoclip"},"content":{"rendered":"<div data-elementor-type=\"wp-page\" data-elementor-id=\"450\" class=\"elementor elementor-450\" data-elementor-post-type=\"page\">\n\t\t\t\t\t\t<section class=\"elementor-section elementor-top-section elementor-element elementor-element-e0a47da elementor-section-full_width elementor-section-height-default elementor-section-height-default\" data-id=\"e0a47da\" data-element_type=\"section\">\n\t\t\t\t\t\t<div class=\"elementor-container elementor-column-gap-default\">\n\t\t\t\t\t<div class=\"elementor-column elementor-col-100 elementor-top-column elementor-element elementor-element-82494c7\" data-id=\"82494c7\" data-element_type=\"column\">\n\t\t\t<div class=\"elementor-widget-wrap elementor-element-populated\">\n\t\t\t\t\t\t<div class=\"elementor-element elementor-element-25bf377 elementor-widget__width-auto elementor-mobile-align-center elementor-widget-mobile__width-auto elementor-widget elementor-widget-breadcrumbs\" data-id=\"25bf377\" data-element_type=\"widget\" data-widget_type=\"breadcrumbs.default\">\n\t\t\t\t<div class=\"elementor-widget-container\">\n\t\t\t\t\t<p id=\"breadcrumbs\"><span><span><a href=\"https:\/\/elviajedeunacancion.rtpa.es\/as\">Iniciu<\/a><\/span><\/span><\/p>\t\t\t\t<\/div>\n\t\t\t\t<\/div>\n\t\t\t\t<div class=\"elementor-element elementor-element-d941c68 elementor-invisible elementor-widget elementor-widget-heading\" data-id=\"d941c68\" data-element_type=\"widget\" data-settings=\"{&quot;_animation&quot;:&quot;fadeInUp&quot;}\" data-widget_type=\"heading.default\">\n\t\t\t\t<div class=\"elementor-widget-container\">\n\t\t\t\t\t<h1 class=\"elementor-heading-title elementor-size-default\">El videoclip<\/h1>\t\t\t\t<\/div>\n\t\t\t\t<\/div>\n\t\t\t\t<div class=\"elementor-element elementor-element-fcbbe78 elementor-invisible elementor-widget elementor-widget-heading\" data-id=\"fcbbe78\" data-element_type=\"widget\" data-settings=\"{&quot;_animation&quot;:&quot;fadeInUp&quot;}\" data-widget_type=\"heading.default\">\n\t\t\t\t<div class=\"elementor-widget-container\">\n\t\t\t\t\t<h1 class=\"elementor-heading-title elementor-size-default\">\"Asturias, si yo pudiera contarte\"<\/h1>\t\t\t\t<\/div>\n\t\t\t\t<\/div>\n\t\t\t\t<div class=\"elementor-element elementor-element-51bef85 elementor-widget-divider--view-line elementor-widget elementor-widget-divider\" data-id=\"51bef85\" data-element_type=\"widget\" data-widget_type=\"divider.default\">\n\t\t\t\t<div class=\"elementor-widget-container\">\n\t\t\t\t\t\t\t<div class=\"elementor-divider\">\n\t\t\t<span class=\"elementor-divider-separator\">\n\t\t\t\t\t\t<\/span>\n\t\t<\/div>\n\t\t\t\t\t\t<\/div>\n\t\t\t\t<\/div>\n\t\t\t\t\t<\/div>\n\t\t<\/div>\n\t\t\t\t\t<\/div>\n\t\t<\/section>\n\t\t\t\t<section class=\"elementor-section elementor-top-section elementor-element elementor-element-5693885 elementor-section-boxed elementor-section-height-default elementor-section-height-default\" data-id=\"5693885\" data-element_type=\"section\">\n\t\t\t\t\t\t<div class=\"elementor-container elementor-column-gap-default\">\n\t\t\t\t\t<div class=\"elementor-column elementor-col-100 elementor-top-column elementor-element elementor-element-14a4ebd\" data-id=\"14a4ebd\" data-element_type=\"column\">\n\t\t\t<div class=\"elementor-widget-wrap elementor-element-populated\">\n\t\t\t\t\t\t<div class=\"elementor-element elementor-element-0914ac4 elementor-widget__width-initial elementor-widget elementor-widget-text-editor\" data-id=\"0914ac4\" data-element_type=\"widget\" data-widget_type=\"text-editor.default\">\n\t\t\t\t<div class=\"elementor-widget-container\">\n\t\t\t\t\t\t\t\t\t<p><span style=\"font-weight: 400;\">Esta versi\u00f3n inscr\u00edbese dientro del proyectu que\u2019l productor asturianu Paco Loco vien realizando nos sos estudios d\u2019El Puerto de Santa Mar\u00eda xunto al m\u00fasicu Joaqu\u00edn Pascual (Surfin Bichos) pa reinterpretar el repertoriu de V\u00edctor Manuel nuna clave m\u00e1s cruda. Baxo una base musical desnuda, onde malapenes un pianu esencial y una atm\u00f3sfera de guitarres, a cargu de Rub\u00e9n Bada (L-R), ponen les blimes, soc\u00e9dense les voces de dos pareyes. El cantautor Nacho Vegas y Leticia Baselgas (la otra met\u00e1 de L-R) encaren la primer met\u00e1 del cantar, allo\u00f1\u00e1ndolu y\u00e1 nesos primeros versos de la espectacularid\u00e1 a la que \u201cAsturias\u201d tien avez\u00e1u al oyente, pero reafirmando\u2019l calter emocional del himnu. Col versu \u201cqui\u00e9n derribar\u00e1 ese \u00e1rbol\u201d dan-yos el relevu Marisa Valle Roso y Chus Pedro, que ponen les sos voces, enllenes de tradici\u00f3n y brenga, al serviciu d\u2019unes palabres cuasi m\u00edtiques. Los cuatro ax\u00fantense nos coros finales, coles percusiones de L-R, y sumen al propiu V\u00edctor Manuel, que dexa, asina, la marca de la so autor\u00eda con esta apaici\u00f3n y la del recit\u00e1u de los primeros versos, na introducci\u00f3n inicial.<\/span><\/p><p><span style=\"font-weight: 400;\">Esta versi\u00f3n inscr\u00edbese dientro del proyectu que\u2019l productor asturianu Paco Loco vien realizando nos sos estudios d\u2019El Puerto de Santa Mar\u00eda xunto al m\u00fasicu Joaqu\u00edn Pascual (Surfin Bichos) pa reinterpretar el repertoriu de V\u00edctor Manuel nuna clave m\u00e1s cruda. Baxo una base musical desnuda, onde malapenes un pianu esencial y una atm\u00f3sfera de guitarres, a cargu de Rub\u00e9n Bada (L-R), ponen les blimes, soc\u00e9dense les voces de dos pareyes. El cantautor Nacho Vegas y Leticia Baselgas (la otra met\u00e1 de L-R) encaren la primer met\u00e1 del cantar, allo\u00f1\u00e1ndolu y\u00e1 nesos primeros versos de la espectacularid\u00e1 a la que \u201cAsturias\u201d tien avez\u00e1u al oyente, pero reafirmando\u2019l calter emocional del himnu. Col versu \u201cqui\u00e9n derribar\u00e1 ese \u00e1rbol\u201d dan-yos el relevu Marisa Valle Roso y Chus Pedro, que ponen les sos voces, enllenes de tradici\u00f3n y brenga, al serviciu d\u2019unes palabres cuasi m\u00edtiques. Los cuatro ax\u00fantense nos coros finales, coles percusiones de L-R, y sumen al propiu V\u00edctor Manuel, que dexa, asina, la marca de la so autor\u00eda con esta apaici\u00f3n y la del recit\u00e1u de los primeros versos, na introducci\u00f3n inicial.<\/span><\/p><p><span style=\"font-weight: 400;\">El di\u00e1logu interxeneracional y ente escueles, del indie a la m\u00fasica tradicional, del rock al folk, abraza esta versi\u00f3n nueva, que llega con un videoclip onde se combinen los detalles de les sesiones nel estudiu de Paco Loco con im\u00e1xenes espectaculares d\u2019Asturies a vista de dron. El \u00abverde de montes\u00bb y \u00abnegra de minerales\u00bb, la \u00abroca firme\u00bb, la \u00abherida\u00bb o el \u00abcoraje\u00bb del poema tresf\u00f3rmense en panor\u00e1miques del cordal, cantiles de la costa oriental y occidental, carbayeres y fayeos que realcen la \u00e9pica d\u2019esta \u00abAsturias\u00bb imperecedera redescubierta nuna versi\u00f3n nueva.<\/span><\/p>\t\t\t\t\t\t\t\t<\/div>\n\t\t\t\t<\/div>\n\t\t\t\t\t<\/div>\n\t\t<\/div>\n\t\t\t\t\t<\/div>\n\t\t<\/section>\n\t\t\t\t<section class=\"elementor-section elementor-top-section elementor-element elementor-element-bcfb2a2 elementor-section-boxed elementor-section-height-default elementor-section-height-default\" data-id=\"bcfb2a2\" data-element_type=\"section\">\n\t\t\t\t\t\t<div class=\"elementor-container elementor-column-gap-default\">\n\t\t\t\t\t<div class=\"elementor-column elementor-col-100 elementor-top-column elementor-element elementor-element-ecc5b45\" data-id=\"ecc5b45\" data-element_type=\"column\">\n\t\t\t<div class=\"elementor-widget-wrap elementor-element-populated\">\n\t\t\t\t\t\t<div class=\"elementor-element elementor-element-6ccce48 elementor-widget elementor-widget-video\" data-id=\"6ccce48\" data-element_type=\"widget\" data-settings=\"{&quot;youtube_url&quot;:&quot;https:\\\/\\\/www.youtube.com\\\/watch?v=fHykmqvkL9s&amp;feature=youtu.be&quot;,&quot;video_type&quot;:&quot;youtube&quot;,&quot;controls&quot;:&quot;yes&quot;}\" data-widget_type=\"video.default\">\n\t\t\t\t<div class=\"elementor-widget-container\">\n\t\t\t\t\t\t\t<div class=\"elementor-wrapper elementor-open-inline\">\n\t\t\t<div class=\"elementor-video\"><\/div>\t\t<\/div>\n\t\t\t\t\t\t<\/div>\n\t\t\t\t<\/div>\n\t\t\t\t\t<\/div>\n\t\t<\/div>\n\t\t\t\t\t<\/div>\n\t\t<\/section>\n\t\t\t\t<section class=\"elementor-section elementor-top-section elementor-element elementor-element-e47bafe elementor-section-full_width elementor-section-height-default elementor-section-height-default\" data-id=\"e47bafe\" data-element_type=\"section\">\n\t\t\t\t\t\t<div class=\"elementor-container elementor-column-gap-no\">\n\t\t\t\t\t<div class=\"elementor-column elementor-col-100 elementor-top-column elementor-element elementor-element-74ab5a2\" data-id=\"74ab5a2\" data-element_type=\"column\">\n\t\t\t<div class=\"elementor-widget-wrap elementor-element-populated\">\n\t\t\t\t\t\t<div class=\"elementor-element elementor-element-4b7fa1b elementor-skin-carousel elementor-arrows-yes elementor-widget elementor-widget-media-carousel\" data-id=\"4b7fa1b\" data-element_type=\"widget\" data-settings=\"{&quot;slides_per_view&quot;:&quot;5&quot;,&quot;space_between&quot;:{&quot;unit&quot;:&quot;px&quot;,&quot;size&quot;:1,&quot;sizes&quot;:[]},&quot;space_between_mobile&quot;:{&quot;unit&quot;:&quot;px&quot;,&quot;size&quot;:1,&quot;sizes&quot;:[]},&quot;space_between_tablet&quot;:{&quot;unit&quot;:&quot;px&quot;,&quot;size&quot;:0,&quot;sizes&quot;:[]},&quot;slides_per_view_tablet&quot;:&quot;3&quot;,&quot;slides_to_scroll_tablet&quot;:&quot;2&quot;,&quot;skin&quot;:&quot;carousel&quot;,&quot;effect&quot;:&quot;slide&quot;,&quot;show_arrows&quot;:&quot;yes&quot;,&quot;speed&quot;:500,&quot;autoplay&quot;:&quot;yes&quot;,&quot;autoplay_speed&quot;:5000,&quot;loop&quot;:&quot;yes&quot;,&quot;pause_on_hover&quot;:&quot;yes&quot;,&quot;pause_on_interaction&quot;:&quot;yes&quot;}\" data-widget_type=\"media-carousel.default\">\n\t\t\t\t<div class=\"elementor-widget-container\">\n\t\t\t\t\t\t\t\t\t<div class=\"elementor-swiper\">\n\t\t\t\t\t<div class=\"elementor-main-swiper swiper\" role=\"region\" aria-roledescription=\"carousel\" aria-label=\"Slides\">\n\t\t\t\t<div class=\"swiper-wrapper\">\n\t\t\t\t\t\t\t\t\t\t\t<div class=\"swiper-slide\" role=\"group\" aria-roledescription=\"slide\">\n\t\t\t\t\t\t\t\t\t<div class=\"elementor-carousel-image\" role=\"img\" aria-label=\"\u09b8\u09cd\u0995\u09cd\u09f0\u09c0\u09a3\u09b6\u09cd\u09ac\u099f \u09e8\u09e6\u09e8\u09ea-\u09e6\u09e9-\u09e6\u09ef \u09e7\u09ed.\u09e6\u09e7.\u09e8\u09ea \u09ac\u099c\u09be\u09a4\" style=\"background-image: url(&#039;https:\/\/elviajedeunacancion.rtpa.es\/wp-content\/uploads\/2024\/03\/captura-de-pantalla-2024-03-09-a-las-17.01.24.png&#039;)\">\n\n\t\t\t\n\t\t\t\t\t<\/div>\n\t\t\t\t\t\t\t\t<\/div>\n\t\t\t\t\t\t\t\t\t\t\t<div class=\"swiper-slide\" role=\"group\" aria-roledescription=\"slide\">\n\t\t\t\t\t\t\t\t\t<div class=\"elementor-carousel-image\" role=\"img\" aria-label=\"\u09b8\u09cd\u0995\u09cd\u09f0\u09c0\u09a3\u09b6\u09cd\u09ac\u099f \u09e8\u09e6\u09e8\u09ea-\u09e6\u09e9-\u09e6\u09ef \u09e7\u09ec.\u09ea\u09ed.\u09eb\u09eb \u09ac\u099c\u09be\u09a4\" style=\"background-image: url(&#039;https:\/\/elviajedeunacancion.rtpa.es\/wp-content\/uploads\/2024\/03\/captura-de-pantalla-2024-03-09-a-las-16.47.55.png&#039;)\">\n\n\t\t\t\n\t\t\t\t\t<\/div>\n\t\t\t\t\t\t\t\t<\/div>\n\t\t\t\t\t\t\t\t\t\t\t<div class=\"swiper-slide\" role=\"group\" aria-roledescription=\"slide\">\n\t\t\t\t\t\t\t\t\t<div class=\"elementor-carousel-image\" role=\"img\" aria-label=\"\u09b8\u09cd\u0995\u09cd\u09f0\u09c0\u09a3\u09b6\u09cd\u09ac\u099f \u09e8\u09e6\u09e8\u09ea-\u09e6\u09e9-\u09e6\u09ef \u09e7\u09ea.\u09ea\u09ec.\u09eb\u09ed \u09ac\u099c\u09be\u09a4\" style=\"background-image: url(&#039;https:\/\/elviajedeunacancion.rtpa.es\/wp-content\/uploads\/2024\/03\/captura-de-pantalla-2024-03-09-a-las-14.46.57.png&#039;)\">\n\n\t\t\t\n\t\t\t\t\t<\/div>\n\t\t\t\t\t\t\t\t<\/div>\n\t\t\t\t\t\t\t\t\t\t\t<div class=\"swiper-slide\" role=\"group\" aria-roledescription=\"slide\">\n\t\t\t\t\t\t\t\t\t<div class=\"elementor-carousel-image\" role=\"img\" aria-label=\"\u09b8\u09cd\u0995\u09cd\u09f0\u09c0\u09a3\u09b6\u09cd\u09ac\u099f \u09e8\u09e6\u09e8\u09ea-\u09e6\u09e9-\u09e6\u09ef \u09e7\u09ed.\u09e6\u09e7.\u09ea\u09eb \u09ac\u099c\u09be\u09a4\" style=\"background-image: url(&#039;https:\/\/elviajedeunacancion.rtpa.es\/wp-content\/uploads\/2024\/03\/captura-de-pantalla-2024-03-09-a-las-17.01.45.png&#039;)\">\n\n\t\t\t\n\t\t\t\t\t<\/div>\n\t\t\t\t\t\t\t\t<\/div>\n\t\t\t\t\t\t\t\t\t\t\t<div class=\"swiper-slide\" role=\"group\" aria-roledescription=\"slide\">\n\t\t\t\t\t\t\t\t\t<div class=\"elementor-carousel-image\" role=\"img\" aria-label=\"\u09b8\u09cd\u0995\u09cd\u09f0\u09c0\u09a3\u09b6\u09cd\u09ac\u099f \u09e8\u09e6\u09e8\u09ea-\u09e6\u09e9-\u09e6\u09ef \u09e7\u09ed.\u09e6\u09e7.\u09e9\u09ea \u09ac\u099c\u09be\u09a4\" style=\"background-image: url(&#039;https:\/\/elviajedeunacancion.rtpa.es\/wp-content\/uploads\/2024\/03\/captura-de-pantalla-2024-03-09-a-las-17.01.34.png&#039;)\">\n\n\t\t\t\n\t\t\t\t\t<\/div>\n\t\t\t\t\t\t\t\t<\/div>\n\t\t\t\t\t\t\t\t\t\t\t<div class=\"swiper-slide\" role=\"group\" aria-roledescription=\"slide\">\n\t\t\t\t\t\t\t\t\t<div class=\"elementor-carousel-image\" role=\"img\" aria-label=\"\u09b8\u09cd\u0995\u09cd\u09f0\u09c0\u09a3\u09b6\u09cd\u09ac\u099f \u09e8\u09e6\u09e8\u09ea-\u09e6\u09e9-\u09e6\u09ef \u09e7\u09ea.\u09ea\u09ed.\u09e7\u09e8 \u09ac\u099c\u09be\u09a4\" style=\"background-image: url(&#039;https:\/\/elviajedeunacancion.rtpa.es\/wp-content\/uploads\/2024\/03\/captura-de-pantalla-2024-03-09-a-las-14.47.12.png&#039;)\">\n\n\t\t\t\n\t\t\t\t\t<\/div>\n\t\t\t\t\t\t\t\t<\/div>\n\t\t\t\t\t\t\t\t\t\t\t<div class=\"swiper-slide\" role=\"group\" aria-roledescription=\"slide\">\n\t\t\t\t\t\t\t\t\t<div class=\"elementor-carousel-image\" role=\"img\" aria-label=\"\u09b8\u09cd\u0995\u09cd\u09f0\u09c0\u09a3\u09b6\u09cd\u09ac\u099f \u09e8\u09e6\u09e8\u09ea-\u09e6\u09e9-\u09e6\u09ef \u09e7\u09ec.\u09eb\u09e8.\u09e8\u09ed \u09ac\u099c\u09be\u09a4\" style=\"background-image: url(&#039;https:\/\/elviajedeunacancion.rtpa.es\/wp-content\/uploads\/2024\/03\/captura-de-pantalla-2024-03-09-a-las-16.52.27-1.png&#039;)\">\n\n\t\t\t\n\t\t\t\t\t<\/div>\n\t\t\t\t\t\t\t\t<\/div>\n\t\t\t\t\t\t\t\t\t<\/div>\n\t\t\t\t\t\t\t\t\t\t\t\t\t\t\t<div class=\"elementor-swiper-button elementor-swiper-button-prev\" role=\"button\" tabindex=\"0\" aria-label=\"\u09aa\u09c2\u09f0\u09cd\u09f1\u09ac\u09f0\u09cd\u09a4\u09c0\">\n\t\t\t\t\t\t\t<i aria-hidden=\"true\" class=\"eicon-chevron-left\"><\/i>\t\t\t\t\t\t<\/div>\n\t\t\t\t\t\t<div class=\"elementor-swiper-button elementor-swiper-button-next\" role=\"button\" tabindex=\"0\" aria-label=\"\u09aa\u09f0\u09f1\u09f0\u09cd\u09a4\u09c0\">\n\t\t\t\t\t\t\t<i aria-hidden=\"true\" class=\"eicon-chevron-right\"><\/i>\t\t\t\t\t\t<\/div>\n\t\t\t\t\t\t\t\t\t\t\t\t\t\t\t\t\t<\/div>\n\t\t\t\t<\/div>\n\t\t\t\t\t\t\t\t<\/div>\n\t\t\t\t<\/div>\n\t\t\t\t\t<\/div>\n\t\t<\/div>\n\t\t\t\t\t<\/div>\n\t\t<\/section>\n\t\t\t\t<\/div>","protected":false},"excerpt":{"rendered":"<p>El videoclip \u00abAsturias, si yo pudiera contarte\u00bb La canci\u00f3n \u201cAsturias\u201d, la c\u00e9lebre composici\u00f3n de Victor Manuel que adapta un poema de Pedro Garfias, pasa por ser el himno oficioso de la regi\u00f3n. Desde su primera versi\u00f3n en ac\u00fastico de 1976 a la m\u00e1s can\u00f3nica, con banda y arreglos orquestales de 1983, o a la de [&hellip;]<\/p>","protected":false},"author":4,"featured_media":1072,"parent":0,"menu_order":5,"comment_status":"closed","ping_status":"closed","template":"elementor_header_footer","meta":{"_joinchat":[],"footnotes":""},"class_list":["post-450","page","type-page","status-publish","has-post-thumbnail","hentry"],"yoast_head":"<!-- This site is optimized with the Yoast SEO plugin v24.5 - https:\/\/yoast.com\/wordpress\/plugins\/seo\/ -->\n<title>El videoclip | Asturias<\/title>\n<meta name=\"description\" content=\"El documental \u201cAsturias, el viaje de una canci\u00f3n\u201d, producido por la Televisi\u00f3n del Principado de Asturias (TPA), explora la g\u00e9nesis del texto y de la canci\u00f3n y acompa\u00f1a a cinco m\u00fasicos asturianos en un viaje a ese Sur donde nacieron las palabras de Garfias para recrear la composici\u00f3n junto al propio V\u00edctor Manuel.\" \/>\n<meta name=\"robots\" content=\"index, follow, max-snippet:-1, max-image-preview:large, max-video-preview:-1\" \/>\n<link rel=\"canonical\" href=\"https:\/\/elviajedeunacancion.rtpa.es\/as\/\u09ad\u09bf\u09a1\u09bf\u0985-\u0995\u09cd\u09b2\u09bf\u09aa\/\" \/>\n<meta property=\"og:locale\" content=\"en_US\" \/>\n<meta property=\"og:type\" content=\"article\" \/>\n<meta property=\"og:title\" content=\"El videoclip | Asturias\" \/>\n<meta property=\"og:description\" content=\"El documental \u201cAsturias, el viaje de una canci\u00f3n\u201d, producido por la Televisi\u00f3n del Principado de Asturias (TPA), explora la g\u00e9nesis del texto y de la canci\u00f3n y acompa\u00f1a a cinco m\u00fasicos asturianos en un viaje a ese Sur donde nacieron las palabras de Garfias para recrear la composici\u00f3n junto al propio V\u00edctor Manuel.\" \/>\n<meta property=\"og:url\" content=\"https:\/\/elviajedeunacancion.rtpa.es\/as\/\u09ad\u09bf\u09a1\u09bf\u0985-\u0995\u09cd\u09b2\u09bf\u09aa\/\" \/>\n<meta property=\"og:site_name\" content=\"Asturias\" \/>\n<meta property=\"article:modified_time\" content=\"2024-04-08T11:32:36+00:00\" \/>\n<meta property=\"og:image\" content=\"https:\/\/elviajedeunacancion.rtpa.es\/wp-content\/uploads\/2023\/08\/sin-imagen-destacada-1024x658.png\" \/>\n\t<meta property=\"og:image:width\" content=\"1024\" \/>\n\t<meta property=\"og:image:height\" content=\"658\" \/>\n\t<meta property=\"og:image:type\" content=\"image\/png\" \/>\n<meta name=\"twitter:card\" content=\"summary_large_image\" \/>\n<script type=\"application\/ld+json\" class=\"yoast-schema-graph\">{\"@context\":\"https:\/\/schema.org\",\"@graph\":[{\"@type\":\"WebPage\",\"@id\":\"https:\/\/elviajedeunacancion.rtpa.es\/videoclip\/\",\"url\":\"https:\/\/elviajedeunacancion.rtpa.es\/videoclip\/\",\"name\":\"El videoclip | Asturias\",\"isPartOf\":{\"@id\":\"https:\/\/elviajedeunacancion.rtpa.es\/#website\"},\"primaryImageOfPage\":{\"@id\":\"https:\/\/elviajedeunacancion.rtpa.es\/videoclip\/#primaryimage\"},\"image\":{\"@id\":\"https:\/\/elviajedeunacancion.rtpa.es\/videoclip\/#primaryimage\"},\"thumbnailUrl\":\"https:\/\/elviajedeunacancion.rtpa.es\/wp-content\/uploads\/2023\/08\/sin-imagen-destacada.png\",\"datePublished\":\"2023-03-28T16:42:00+00:00\",\"dateModified\":\"2024-04-08T11:32:36+00:00\",\"description\":\"El documental \u201cAsturias, el viaje de una canci\u00f3n\u201d, producido por la Televisi\u00f3n del Principado de Asturias (TPA), explora la g\u00e9nesis del texto y de la canci\u00f3n y acompa\u00f1a a cinco m\u00fasicos asturianos en un viaje a ese Sur donde nacieron las palabras de Garfias para recrear la composici\u00f3n junto al propio V\u00edctor Manuel.\",\"breadcrumb\":{\"@id\":\"https:\/\/elviajedeunacancion.rtpa.es\/videoclip\/#breadcrumb\"},\"inLanguage\":\"as-AS\",\"potentialAction\":[{\"@type\":\"ReadAction\",\"target\":[\"https:\/\/elviajedeunacancion.rtpa.es\/videoclip\/\"]}]},{\"@type\":\"ImageObject\",\"inLanguage\":\"as-AS\",\"@id\":\"https:\/\/elviajedeunacancion.rtpa.es\/videoclip\/#primaryimage\",\"url\":\"https:\/\/elviajedeunacancion.rtpa.es\/wp-content\/uploads\/2023\/08\/sin-imagen-destacada.png\",\"contentUrl\":\"https:\/\/elviajedeunacancion.rtpa.es\/wp-content\/uploads\/2023\/08\/sin-imagen-destacada.png\",\"width\":1920,\"height\":1235,\"caption\":\"Sin imagen destacada\"},{\"@type\":\"BreadcrumbList\",\"@id\":\"https:\/\/elviajedeunacancion.rtpa.es\/videoclip\/#breadcrumb\",\"itemListElement\":[{\"@type\":\"ListItem\",\"position\":1,\"name\":\"Inicio\",\"item\":\"https:\/\/elviajedeunacancion.rtpa.es\/\"},{\"@type\":\"ListItem\",\"position\":2,\"name\":\"El videoclip\"}]},{\"@type\":\"WebSite\",\"@id\":\"https:\/\/elviajedeunacancion.rtpa.es\/#website\",\"url\":\"https:\/\/elviajedeunacancion.rtpa.es\/\",\"name\":\"Asturias\",\"description\":\"El viaje de una canci\u00f3n\",\"publisher\":{\"@id\":\"https:\/\/elviajedeunacancion.rtpa.es\/#organization\"},\"potentialAction\":[{\"@type\":\"SearchAction\",\"target\":{\"@type\":\"EntryPoint\",\"urlTemplate\":\"https:\/\/elviajedeunacancion.rtpa.es\/?s={search_term_string}\"},\"query-input\":{\"@type\":\"PropertyValueSpecification\",\"valueRequired\":true,\"valueName\":\"search_term_string\"}}],\"inLanguage\":\"as-AS\"},{\"@type\":\"Organization\",\"@id\":\"https:\/\/elviajedeunacancion.rtpa.es\/#organization\",\"name\":\"Asturias\",\"url\":\"https:\/\/elviajedeunacancion.rtpa.es\/\",\"logo\":{\"@type\":\"ImageObject\",\"inLanguage\":\"as-AS\",\"@id\":\"https:\/\/elviajedeunacancion.rtpa.es\/#\/schema\/logo\/image\/\",\"url\":\"https:\/\/elviajedeunacancion.rtpa.es\/wp-content\/uploads\/2023\/03\/recurso-12a.svg\",\"contentUrl\":\"https:\/\/elviajedeunacancion.rtpa.es\/wp-content\/uploads\/2023\/03\/recurso-12a.svg\",\"width\":1459,\"height\":404,\"caption\":\"Asturias\"},\"image\":{\"@id\":\"https:\/\/elviajedeunacancion.rtpa.es\/#\/schema\/logo\/image\/\"}}]}<\/script>\n<!-- \/ Yoast SEO plugin. -->","yoast_head_json":{"title":"El videoclip | Asturias","description":"El documental \u201cAsturias, el viaje de una canci\u00f3n\u201d, producido por la Televisi\u00f3n del Principado de Asturias (TPA), explora la g\u00e9nesis del texto y de la canci\u00f3n y acompa\u00f1a a cinco m\u00fasicos asturianos en un viaje a ese Sur donde nacieron las palabras de Garfias para recrear la composici\u00f3n junto al propio V\u00edctor Manuel.","robots":{"index":"index","follow":"follow","max-snippet":"max-snippet:-1","max-image-preview":"max-image-preview:large","max-video-preview":"max-video-preview:-1"},"canonical":"https:\/\/elviajedeunacancion.rtpa.es\/as\/\u09ad\u09bf\u09a1\u09bf\u0985-\u0995\u09cd\u09b2\u09bf\u09aa\/","og_locale":"en_US","og_type":"article","og_title":"El videoclip | Asturias","og_description":"El documental \u201cAsturias, el viaje de una canci\u00f3n\u201d, producido por la Televisi\u00f3n del Principado de Asturias (TPA), explora la g\u00e9nesis del texto y de la canci\u00f3n y acompa\u00f1a a cinco m\u00fasicos asturianos en un viaje a ese Sur donde nacieron las palabras de Garfias para recrear la composici\u00f3n junto al propio V\u00edctor Manuel.","og_url":"https:\/\/elviajedeunacancion.rtpa.es\/as\/\u09ad\u09bf\u09a1\u09bf\u0985-\u0995\u09cd\u09b2\u09bf\u09aa\/","og_site_name":"Asturias","article_modified_time":"2024-04-08T11:32:36+00:00","og_image":[{"width":1024,"height":658,"url":"https:\/\/elviajedeunacancion.rtpa.es\/wp-content\/uploads\/2023\/08\/sin-imagen-destacada-1024x658.png","type":"image\/png"}],"twitter_card":"summary_large_image","schema":{"@context":"https:\/\/schema.org","@graph":[{"@type":"WebPage","@id":"https:\/\/elviajedeunacancion.rtpa.es\/videoclip\/","url":"https:\/\/elviajedeunacancion.rtpa.es\/videoclip\/","name":"El videoclip | Asturias","isPartOf":{"@id":"https:\/\/elviajedeunacancion.rtpa.es\/#website"},"primaryImageOfPage":{"@id":"https:\/\/elviajedeunacancion.rtpa.es\/videoclip\/#primaryimage"},"image":{"@id":"https:\/\/elviajedeunacancion.rtpa.es\/videoclip\/#primaryimage"},"thumbnailUrl":"https:\/\/elviajedeunacancion.rtpa.es\/wp-content\/uploads\/2023\/08\/sin-imagen-destacada.png","datePublished":"2023-03-28T16:42:00+00:00","dateModified":"2024-04-08T11:32:36+00:00","description":"El documental \u201cAsturias, el viaje de una canci\u00f3n\u201d, producido por la Televisi\u00f3n del Principado de Asturias (TPA), explora la g\u00e9nesis del texto y de la canci\u00f3n y acompa\u00f1a a cinco m\u00fasicos asturianos en un viaje a ese Sur donde nacieron las palabras de Garfias para recrear la composici\u00f3n junto al propio V\u00edctor Manuel.","breadcrumb":{"@id":"https:\/\/elviajedeunacancion.rtpa.es\/videoclip\/#breadcrumb"},"inLanguage":"as-AS","potentialAction":[{"@type":"ReadAction","target":["https:\/\/elviajedeunacancion.rtpa.es\/videoclip\/"]}]},{"@type":"ImageObject","inLanguage":"as-AS","@id":"https:\/\/elviajedeunacancion.rtpa.es\/videoclip\/#primaryimage","url":"https:\/\/elviajedeunacancion.rtpa.es\/wp-content\/uploads\/2023\/08\/sin-imagen-destacada.png","contentUrl":"https:\/\/elviajedeunacancion.rtpa.es\/wp-content\/uploads\/2023\/08\/sin-imagen-destacada.png","width":1920,"height":1235,"caption":"Sin imagen destacada"},{"@type":"BreadcrumbList","@id":"https:\/\/elviajedeunacancion.rtpa.es\/videoclip\/#breadcrumb","itemListElement":[{"@type":"ListItem","position":1,"name":"Inicio","item":"https:\/\/elviajedeunacancion.rtpa.es\/"},{"@type":"ListItem","position":2,"name":"El videoclip"}]},{"@type":"WebSite","@id":"https:\/\/elviajedeunacancion.rtpa.es\/#website","url":"https:\/\/elviajedeunacancion.rtpa.es\/","name":"Asturias","description":"El viaje de una canci\u00f3n","publisher":{"@id":"https:\/\/elviajedeunacancion.rtpa.es\/#organization"},"potentialAction":[{"@type":"SearchAction","target":{"@type":"EntryPoint","urlTemplate":"https:\/\/elviajedeunacancion.rtpa.es\/?s={search_term_string}"},"query-input":{"@type":"PropertyValueSpecification","valueRequired":true,"valueName":"search_term_string"}}],"inLanguage":"as-AS"},{"@type":"Organization","@id":"https:\/\/elviajedeunacancion.rtpa.es\/#organization","name":"Asturias","url":"https:\/\/elviajedeunacancion.rtpa.es\/","logo":{"@type":"ImageObject","inLanguage":"as-AS","@id":"https:\/\/elviajedeunacancion.rtpa.es\/#\/schema\/logo\/image\/","url":"https:\/\/elviajedeunacancion.rtpa.es\/wp-content\/uploads\/2023\/03\/recurso-12a.svg","contentUrl":"https:\/\/elviajedeunacancion.rtpa.es\/wp-content\/uploads\/2023\/03\/recurso-12a.svg","width":1459,"height":404,"caption":"Asturias"},"image":{"@id":"https:\/\/elviajedeunacancion.rtpa.es\/#\/schema\/logo\/image\/"}}]}},"_links":{"self":[{"href":"https:\/\/elviajedeunacancion.rtpa.es\/as\/wp-json\/wp\/v2\/pages\/450","targetHints":{"allow":["GET"]}}],"collection":[{"href":"https:\/\/elviajedeunacancion.rtpa.es\/as\/wp-json\/wp\/v2\/pages"}],"about":[{"href":"https:\/\/elviajedeunacancion.rtpa.es\/as\/wp-json\/wp\/v2\/types\/page"}],"author":[{"embeddable":true,"href":"https:\/\/elviajedeunacancion.rtpa.es\/as\/wp-json\/wp\/v2\/users\/4"}],"replies":[{"embeddable":true,"href":"https:\/\/elviajedeunacancion.rtpa.es\/as\/wp-json\/wp\/v2\/comments?post=450"}],"version-history":[{"count":5,"href":"https:\/\/elviajedeunacancion.rtpa.es\/as\/wp-json\/wp\/v2\/pages\/450\/revisions"}],"predecessor-version":[{"id":1442,"href":"https:\/\/elviajedeunacancion.rtpa.es\/as\/wp-json\/wp\/v2\/pages\/450\/revisions\/1442"}],"wp:featuredmedia":[{"embeddable":true,"href":"https:\/\/elviajedeunacancion.rtpa.es\/as\/wp-json\/wp\/v2\/media\/1072"}],"wp:attachment":[{"href":"https:\/\/elviajedeunacancion.rtpa.es\/as\/wp-json\/wp\/v2\/media?parent=450"}],"curies":[{"name":"wp","href":"https:\/\/api.w.org\/{rel}","templated":true}]}}